{"id":809,"date":"2021-06-28T06:19:33","date_gmt":"2021-06-28T06:19:33","guid":{"rendered":"http:\/\/wayv.razvija.se\/?page_id=809"},"modified":"2021-06-28T06:23:52","modified_gmt":"2021-06-28T06:23:52","slug":"la-cookie-policy","status":"publish","type":"page","link":"https:\/\/wayv.si\/it\/la-cookie-policy\/","title":{"rendered":"La Cookie Policy"},"content":{"rendered":"<h3>Quali cookie utilizza questo sito Web?<\/h3>\n<h4>1. Cookie essenziali<\/h4>\n<p>I cookie, che ci aiutano a visualizzare correttamente i contenuti, consentono il funzionamento di moduli, carrello e altri elementi essenziali del sito web. Questi cookie sono attivi solo durante la sessione.<\/p>\n<h4>2. Google<\/h4>\n<p>Google utilizza i cookie per memorizzare le impostazioni utente pi\u00f9 diffuse, le selezioni della versione della lingua, no. visualizzare risultati e valori, visualizzare informazioni su Google Maps e molte altre funzionalit\u00e0 e servizi di questo gigante del web.<br \/>\n<a href=\"https:\/\/policies.google.com\/technologies\/cookies?hl=en\" target=\"_blank\" rel=\"noopener noreferrer\">Altro <\/a><\/p>\n<h4>3. Google Analytics<\/h4>\n<p>Google Analytics \u00e8 un servizio di analisi web. Ci fornisce informazioni sul comportamento degli utenti sul nostro sito Web e quindi ci aiuta a creare una migliore esperienza utente, visualizzare contenuti pertinenti e altro ancora. Non possiamo identificarti personalmente durante la lettura di queste informazioni.<\/p>\n<p>La durata di questi cookie \u00e8 fino a 2 anni.<\/p>\n<p>Primer uporabljenih pi\u0161kotkov:<\/p>\n<div class=\"table-responsive\">\n<table class=\"table\">\n<thead>\n<tr>\n<th>Ime<\/th>\n<th>Ponudnik<\/th>\n<th>Namen<\/th>\n<th>Trajanje<\/th>\n<\/tr>\n<\/thead>\n<tbody>\n<tr>\n<td title=\"collect\">collect<\/td>\n<td title=\"google-analytics.com\">google-analytics.com<\/td>\n<td title=\"Used to send data to Google Analytics about the visitor's device and behavior. Tracks the visitor across devices and marketing channels.\">Utilizzato per inviare dati a Google Analytics sul comportamento del dispositivo e dei visitatori. Tiene traccia del visitatore attraverso dispositivi e canali di marketing.<\/td>\n<td title=\"Session\">Sessione<\/td>\n<\/tr>\n<tr>\n<td title=\"_ga\">_ga<\/td>\n<td title=\"komunala-izola.si\">komunala-izola.si<\/td>\n<td title=\"Registers a unique ID that is used to generate statistical data on how the visitor uses the website.\">Registra un ID univoco che viene utilizzato per generare statistiche su come un visitatore utilizza il sito.<\/td>\n<td title=\"2 years\">2 anni<\/td>\n<\/tr>\n<tr>\n<td title=\"_gat\">_gat<\/td>\n<td title=\"komunala-izola.si\">komunala-izola.si<\/td>\n<td title=\"Used by Google Analytics to throttle request rate\">Utilizza Google Analytics per ridurre il tasso di reclami<\/td>\n<td title=\"1 day\">1 giorno<\/td>\n<\/tr>\n<tr>\n<td title=\"_gid\">_gid<\/td>\n<td title=\"komunala-izola.si\">komunala-izola.si<\/td>\n<td title=\"Registers a unique ID that is used to generate statistical data on how the visitor uses the website.\">Registra un ID univoco che viene utilizzato per generare statistiche su come un visitatore utilizza il sito.<\/td>\n<td title=\"1 day\">1 giorno<\/td>\n<\/tr>\n<\/tbody>\n<\/table>\n<\/div>\n<p><a href=\"https:\/\/developers.google.com\/analytics\/devguides\/collection\/gajs\/cookie-usage?hl=en\" target=\"_blank\" rel=\"noopener noreferrer\">Altro\u00a0<\/a><\/p>\n<h3>Come posso gestire o eliminare i cookie?<\/h3>\n<p>Non utilizzeremo i cookie per raccogliere le tue informazioni di identificazione personale, ma puoi anche modificare le impostazioni per l&#8217;uso dei cookie nel browser del tuo computer o dispositivo mobile.<\/p>\n<p>La maggior parte dei browser moderni ti consente di accettare o rifiutare tutti i cookie, accettare o rifiutare solo alcuni tipi di cookie o impostare un avviso che il sito desidera memorizzare un cookie sul tuo dispositivo. Puoi anche eliminare i cookie che il browser ha gi\u00e0 memorizzato sul tuo dispositivo.<\/p>\n<p>Si prega di notare che se i cookie vengono disattivati, non tutte le funzionalit\u00e0 del sito Web potrebbero funzionare allo stesso modo, ad ogni visita verr\u00e0 visualizzato un avviso sull&#8217;uso dei cookie e ci\u00f2 a lungo termine influir\u00e0 negativamente sulla tua esperienza di utente.<\/p>\n<p>Il processo di modifica delle impostazioni dei cookie differisce in ciascun browser. Puoi trovare informazioni utilizzando la funzione Guida visitando <a href=\"http:\/\/www.aboutcookies.org\/\" target=\"_blank\" rel=\"noopener noreferrer\"> www.aboutcookies.org <\/a> , che chiaramente spiega il processo in tutti i browser moderni o contattaci tramite <a href=\"mailto:info@komunala-izola.si\" target=\"_blank\" rel=\"noopener noreferrer\"> e-mail <\/a>.<\/p>\n<p>I cookie di Google Analytics possono essere disabilitati anche utilizzando le istruzioni disponibili su <a href=\"https:\/\/tools.google.com\/dlpage\/gaoptout?hl=en\" target=\"_ blank\" rel=\"noopener noreferrer\"> Google Analytics <\/a><\/p>\n<p>Ulteriori informazioni sui cookie sono disponibili anche nelle <a href=\"https:\/\/www.ip-rs.si\/\" target=\"_blank\" rel=\"noopener noreferrer\"> Linee guida del Commissario per le informazioni. <\/a><\/p>\n","protected":false},"excerpt":{"rendered":"<p>Quali cookie utilizza questo sito Web? 1. Cookie essenziali I cookie, che ci aiutano a visualizzare correttamente i contenuti, consentono il funzionamento di moduli, carrello e altri elementi essenziali del sito web. Questi cookie sono attivi solo durante la sessione. 2. Google Google utilizza i cookie per memorizzare le impostazioni utente pi\u00f9 diffuse, le selezioni<\/p>\n","protected":false},"author":8,"featured_media":0,"parent":0,"menu_order":0,"comment_status":"closed","ping_status":"closed","template":"","meta":[],"_links":{"self":[{"href":"https:\/\/wayv.si\/it\/wp-json\/wp\/v2\/pages\/809"}],"collection":[{"href":"https:\/\/wayv.si\/it\/wp-json\/wp\/v2\/pages"}],"about":[{"href":"https:\/\/wayv.si\/it\/wp-json\/wp\/v2\/types\/page"}],"author":[{"embeddable":true,"href":"https:\/\/wayv.si\/it\/wp-json\/wp\/v2\/users\/8"}],"replies":[{"embeddable":true,"href":"https:\/\/wayv.si\/it\/wp-json\/wp\/v2\/comments?post=809"}],"version-history":[{"count":2,"href":"https:\/\/wayv.si\/it\/wp-json\/wp\/v2\/pages\/809\/revisions"}],"predecessor-version":[{"id":813,"href":"https:\/\/wayv.si\/it\/wp-json\/wp\/v2\/pages\/809\/revisions\/813"}],"wp:attachment":[{"href":"https:\/\/wayv.si\/it\/wp-json\/wp\/v2\/media?parent=809"}],"curies":[{"name":"wp","href":"https:\/\/api.w.org\/{rel}","templated":true}]}}