{"id":744,"date":"2021-06-21T07:09:51","date_gmt":"2021-06-21T07:09:51","guid":{"rendered":"http:\/\/wayv.razvija.se\/o-projektu\/"},"modified":"2021-06-23T07:36:09","modified_gmt":"2021-06-23T07:36:09","slug":"il-progetto","status":"publish","type":"page","link":"https:\/\/wayv.si\/it\/il-progetto\/","title":{"rendered":"Il progetto"},"content":{"rendered":"<p>L&#8217;applicazione Wayv \u00e8 una piattaforma online e mobile per ordinare il trasporto via mare sloveno.<\/p>\n<p>Progetti ottenuti sulla base del Bando Pubblico per la selezione di interventi per la realizzazione degli obiettivi della Strategia di Sviluppo Locale &#8220;GAL Istria&#8221; nel 2017<\/p>\n<p>&nbsp;<\/p>\n<h2>Nome dell&#8217;operazione<\/h2>\n<p>Istituzione di una soluzione informativa per il trasporto marittimo tra le citt\u00e0 slovene e le attrazioni turistiche<\/p>\n<p>&nbsp;<\/p>\n<h2>Nome abbreviato dell&#8217;operazione<\/h2>\n<p>Trasporto marittimo<\/p>\n<p>&nbsp;<\/p>\n<h2>Partner di progetto<\/h2>\n<ul>\n<li>Emigma d.o.o.<\/li>\n<li>Pesca Domenico Steffe, Arturo Steffe s.p.<\/li>\n<li>Associazione turistica di Isola &#8211; TZ Izola, g.i.z.<\/li>\n<li>Associazione Turistica Portorose, G.I.Z., Ente per il turismo Portorose, g.i.e.<\/li>\n<\/ul>\n<p>&nbsp;<\/p>\n<h2>Scopo e oggetto dell&#8217;operazione<\/h2>\n<p>Lo scopo fondamentale dell&#8217;idea progettuale \u00e8 sviluppare i collegamenti di trasporto lungo il mare sloveno lungo la costa, che fornirebbe un&#8217;ulteriore fonte di reddito per i pescatori, i fornitori di trasporto marittimo esistenti e la creazione di nuovi itinerari turistici che collegano il mare con l&#8217;interno dell&#8217;Istria . La comunicazione tra fornitori di servizi e richiedenti avverr\u00e0 attraverso un&#8217;innovativa piattaforma di applicazioni online, che creer\u00e0 posti di lavoro innovativi. Si tratta di nuovi collegamenti tra luoghi, sgravio dei flussi di traffico esistenti (strade, autorimesse) e accesso pi\u00f9 agevole e regolamentato alle aree protette. Anche l&#8217;Amministrazione marittima della Repubblica di Slovenia (URSP) ha un ruolo nel progetto e, con una lettera di supporto, accetta di contribuire al progetto, verificare il quadro giuridico e formale appropriato per l&#8217;attuazione delle attivit\u00e0 e fornire linee guida per la progettazione appropriata della piattaforma applicativa in termini di compatibilit\u00e0 NEO (sportello unico nazionale). L&#8217;idea progettuale prevede un&#8217;adeguata educazione e sensibilizzazione dei potenziali vettori, la promozione del servizio su tutta la costa slovena e la promozione della creazione di nuovi itinerari turistici. I partner del progetto TZ Portoro\u017e e Izola hanno il compito di promuovere un nuovo prodotto turistico e incoraggiare la creazione di nuovi itinerari turistici.<\/p>\n<p>&nbsp;<\/p>\n<h2>Area di implementazione<\/h2>\n<p>L&#8217;operazione viene effettuata solo nell&#8217;area del GAL dell&#8217;Istria, ovvero in quelle aree che rientrano nel SLR nel quadro finanziario del Fondo europeo di sviluppo regionale FESR.<\/p>\n<p>Tempo di funzionamento<\/p>\n<ul>\n<li>Inizio attivit\u00e0: 01\/11\/2018<\/li>\n<li>Fine operazione 31.12.2021<\/li>\n<li>Monitoraggio fine esercizio: 31.12.2026<\/li>\n<\/ul>\n<p>&nbsp;<\/p>\n<h2>Il valore dell&#8217;operazione<\/h2>\n<ul>\n<li>Valore dell&#8217;operazione: EUR 199.823,60 (IVA inclusa)<\/li>\n<li>Costi ammissibili dell&#8217;operazione: 181.732,40 EUR<\/li>\n<li>Importo del cofinanziamento dell&#8217;operazione: EUR 145.385,92<\/li>\n<\/ul>\n<p>&nbsp;<\/p>\n<h2>Finanziamento dell&#8217;operazione<\/h2>\n<p>L&#8217;operazione \u00e8 in parte finanziata dall&#8217;Unione Europea attraverso il Fondo Europeo di Sviluppo Regionale. L&#8217;operazione si attua nell&#8217;ambito del &#8220;Programma operativo per l&#8217;attuazione della politica di coesione nel periodo di programmazione 2014-2020&#8221;, dell&#8217;asse prioritario &#8220;Inclusione sociale e riduzione della povert\u00e0&#8221;, dell&#8217;obiettivo tematico &#8220;Promuovere l&#8217;inclusione sociale e combattere la povert\u00e0 e le discriminazione&#8221;, priorit\u00e0 di investimento Investimenti nel quadro della strategia di sviluppo locale di tipo partecipativo&#8221;, l&#8217;obiettivo specifico &#8220;Migliore inclusione economica e sociale della comunit\u00e0 nell&#8217;area del GAL&#8221;.<\/p>\n<p>L&#8217;investimento \u00e8 cofinanziato dalla Repubblica di Slovenia e dall&#8217;<a href=\"http:\/\/www.eu-skladi.si\" target=\"_blank\" rel=\"noopener\"> Unione Europea dal Fondo Europeo di Sviluppo Regionale &lt; \/a&gt;.<\/a><\/p>\n<p>La gestione dell&#8217;applicazione e quindi l&#8217;agente nell&#8217;offerta di servizi \u00e8 la societ\u00e0 Emigma d.o.o. con sede legale in Slovenia ad Ankaranska cesta 5c, 6000 Koper. Puoi contattarci all&#8217;indirizzo <a href=\"mailto:info@emigma.com\"> info@emigma.com <\/a>.<\/p>\n<p><a href=\"http:\/\/www.eu-skladi.si\/\" target=\"_blank\" rel=\"noopener\"><img loading=\"lazy\" class=\"alignnone size-full wp-image-723\" src=\"https:\/\/wayv.si\/wp-content\/uploads\/2021\/06\/www_emigma_com_301c5367e89063ea624cbd08ee9f61b9.png\" alt=\"\" width=\"150\" height=\"107\" \/><\/a> <a href=\"https:\/\/www.gov.si\/drzavni-organi\/ministrstva\/ministrstvo-za-gospodarski-razvoj-in-tehnologijo\/\" target=\"_blank\" rel=\"noopener\"><img loading=\"lazy\" class=\"alignnone size-large wp-image-727\" src=\"https:\/\/wayv.si\/wp-content\/uploads\/2021\/06\/www_emigma_com_d7d894598bc23438aeadfb63f534386f.png\" alt=\"\" width=\"150\" height=\"107\" \/><\/a> <a href=\"https:\/\/www.las-istre.si\/\" target=\"_blank\" rel=\"noopener\"><img loading=\"lazy\" class=\"alignnone size-large wp-image-730\" src=\"https:\/\/wayv.si\/wp-content\/uploads\/2021\/06\/www_emigma_com_a579f1a2110fe8c842ab0e39120758e4.png\" alt=\"\" width=\"150\" height=\"117\" \/><\/a><\/p>\n","protected":false},"excerpt":{"rendered":"<p>L&#8217;applicazione Wayv \u00e8 una piattaforma online e mobile per ordinare il trasporto via mare sloveno. Progetti ottenuti sulla base del Bando Pubblico per la selezione di interventi per la realizzazione degli obiettivi della Strategia di Sviluppo Locale &#8220;GAL Istria&#8221; nel 2017 &nbsp; Nome dell&#8217;operazione Istituzione di una soluzione informativa per il trasporto marittimo tra le<\/p>\n","protected":false},"author":8,"featured_media":0,"parent":0,"menu_order":0,"comment_status":"closed","ping_status":"closed","template":"","meta":[],"_links":{"self":[{"href":"https:\/\/wayv.si\/it\/wp-json\/wp\/v2\/pages\/744"}],"collection":[{"href":"https:\/\/wayv.si\/it\/wp-json\/wp\/v2\/pages"}],"about":[{"href":"https:\/\/wayv.si\/it\/wp-json\/wp\/v2\/types\/page"}],"author":[{"embeddable":true,"href":"https:\/\/wayv.si\/it\/wp-json\/wp\/v2\/users\/8"}],"replies":[{"embeddable":true,"href":"https:\/\/wayv.si\/it\/wp-json\/wp\/v2\/comments?post=744"}],"version-history":[{"count":5,"href":"https:\/\/wayv.si\/it\/wp-json\/wp\/v2\/pages\/744\/revisions"}],"predecessor-version":[{"id":766,"href":"https:\/\/wayv.si\/it\/wp-json\/wp\/v2\/pages\/744\/revisions\/766"}],"wp:attachment":[{"href":"https:\/\/wayv.si\/it\/wp-json\/wp\/v2\/media?parent=744"}],"curies":[{"name":"wp","href":"https:\/\/api.w.org\/{rel}","templated":true}]}}